{"id":11,"date":"2014-03-15T18:52:47","date_gmt":"2014-03-15T17:52:47","guid":{"rendered":"http:\/\/cluster013.ovh.net\/~maisonduwh\/site_resto\/?page_id=11"},"modified":"2026-01-13T09:08:40","modified_gmt":"2026-01-13T08:08:40","slug":"menu-du-terroir","status":"publish","type":"page","link":"http:\/\/www.maisondupeket.be\/amonnanesse\/menu-du-terroir\/","title":{"rendered":"Menu du Terroir"},"content":{"rendered":"<p><span style=\"color: #faa157;\"><strong>PDF :<\/strong><\/span><\/p>\n<p><a href=\"http:\/\/www.maisondupeket.be\/amonnanesse\/wp-content\/uploads\/2026\/01\/MenuTERROIR-nederlands-2026.pdf\" target=\"_blank\" rel=\"noopener noreferrer\"><img loading=\"lazy\" class=\"alignleft wp-image-1509\" src=\"http:\/\/www.maisondupeket.be\/amonnanesse\/wp-content\/uploads\/2014\/03\/nl-150x150.png\" alt=\"\" width=\"30\" height=\"29\" srcset=\"http:\/\/www.maisondupeket.be\/amonnanesse\/wp-content\/uploads\/2014\/03\/nl-150x150.png 150w, http:\/\/www.maisondupeket.be\/amonnanesse\/wp-content\/uploads\/2014\/03\/nl-300x300.png 300w, http:\/\/www.maisondupeket.be\/amonnanesse\/wp-content\/uploads\/2014\/03\/nl-100x100.png 100w\" sizes=\"(max-width: 30px) 100vw, 30px\" \/><\/a><\/p>\n<p style=\"text-align: left;\"><strong><span style=\"color: #ff950e;\"><span style=\"font-family: 'Helvetica Neue', Helvetica, Helvetica, Arial, sans-serif;\"><b><a href=\"http:\/\/www.maisondupeket.be\/amonnanesse\/wp-content\/uploads\/2026\/01\/MenuTERROIR-anglais-2026.pdf\" target=\"_blank\" rel=\"noopener noreferrer\"><img loading=\"lazy\" class=\"alignleft wp-image-1511\" src=\"http:\/\/www.maisondupeket.be\/amonnanesse\/wp-content\/uploads\/2014\/03\/united-kingdom-162452_640-copie-150x150.png\" alt=\"\" width=\"30\" height=\"29\" srcset=\"http:\/\/www.maisondupeket.be\/amonnanesse\/wp-content\/uploads\/2014\/03\/united-kingdom-162452_640-copie-150x150.png 150w, http:\/\/www.maisondupeket.be\/amonnanesse\/wp-content\/uploads\/2014\/03\/united-kingdom-162452_640-copie-300x300.png 300w, http:\/\/www.maisondupeket.be\/amonnanesse\/wp-content\/uploads\/2014\/03\/united-kingdom-162452_640-copie-100x100.png 100w\" sizes=\"(max-width: 30px) 100vw, 30px\" \/><\/a><\/b><\/span><\/span><\/strong><\/p>\n<p><a href=\"http:\/\/www.maisondupeket.be\/amonnanesse\/wp-content\/uploads\/2026\/01\/MenuTERROIR2026.pdf\" target=\"_blank\" rel=\"noopener noreferrer\"><img loading=\"lazy\" class=\"alignleft wp-image-1515\" src=\"http:\/\/www.maisondupeket.be\/amonnanesse\/wp-content\/uploads\/2014\/03\/flag-fr-copie-150x150.png\" alt=\"\" width=\"30\" height=\"30\" srcset=\"http:\/\/www.maisondupeket.be\/amonnanesse\/wp-content\/uploads\/2014\/03\/flag-fr-copie-150x150.png 150w, http:\/\/www.maisondupeket.be\/amonnanesse\/wp-content\/uploads\/2014\/03\/flag-fr-copie-100x100.png 100w\" sizes=\"(max-width: 30px) 100vw, 30px\" \/><\/a><a href=\"http:\/\/www.maisondupeket.be\/amonnanesse\/wp-content\/uploads\/2026\/01\/MenuTERROIR-DE-2026.pdf\" target=\"_blank\" rel=\"noopener noreferrer\"><img loading=\"lazy\" class=\"alignleft wp-image-2045\" src=\"http:\/\/www.maisondupeket.be\/amonnanesse\/wp-content\/uploads\/2025\/01\/Flag_of_Germany_3-2-300x200.png\" alt=\"\" width=\"42\" height=\"28\" srcset=\"http:\/\/www.maisondupeket.be\/amonnanesse\/wp-content\/uploads\/2025\/01\/Flag_of_Germany_3-2-300x200.png 300w, http:\/\/www.maisondupeket.be\/amonnanesse\/wp-content\/uploads\/2025\/01\/Flag_of_Germany_3-2-1024x683.png 1024w, http:\/\/www.maisondupeket.be\/amonnanesse\/wp-content\/uploads\/2025\/01\/Flag_of_Germany_3-2-768x512.png 768w, http:\/\/www.maisondupeket.be\/amonnanesse\/wp-content\/uploads\/2025\/01\/Flag_of_Germany_3-2-200x133.png 200w, http:\/\/www.maisondupeket.be\/amonnanesse\/wp-content\/uploads\/2025\/01\/Flag_of_Germany_3-2-450x300.png 450w, http:\/\/www.maisondupeket.be\/amonnanesse\/wp-content\/uploads\/2025\/01\/Flag_of_Germany_3-2-400x270.png 400w, http:\/\/www.maisondupeket.be\/amonnanesse\/wp-content\/uploads\/2025\/01\/Flag_of_Germany_3-2-600x400.png 600w, http:\/\/www.maisondupeket.be\/amonnanesse\/wp-content\/uploads\/2025\/01\/Flag_of_Germany_3-2.png 1200w\" sizes=\"(max-width: 42px) 100vw, 42px\" \/><\/a><\/p>\n<p>\u00a0<\/p>\n<p><strong><span style=\"color: #c04b03;\"><span style=\"font-family: 'Helvetica Neue';\"><span style=\"text-decoration: underline;\"><b>MENU DU TERROIR<\/b><\/span><\/span><\/span><\/strong><\/p>\n<p><span style=\"color: #ff950e;\"><span style=\"font-family: 'Helvetica Neue';\"><span style=\"text-decoration: underline;\">Choix d\u2019entr\u00e9es :<\/span><\/span><\/span><\/p>\n<p><span style=\"color: #ff950e;\"><span style=\"font-family: 'Helvetica Neue';\">1. Croquettes de crevettes grises de la mer du nord (maison)<br \/>2. Carpaccio de boeuf blanc bleu belge<\/span><\/span><\/p>\n<p><span style=\"color: #ff950e;\"><span style=\"font-family: 'Helvetica Neue';\"><span style=\"text-decoration: underline;\">Choix de Plats principaux :<\/span><\/span><\/span><\/p>\n<p><span style=\"color: #ff950e;\"><span style=\"font-family: 'Helvetica Neue';\">1. Le blanc de volaille au sirop d\u2019aubel<br \/>2. Les Boulets \u00e0 la Li\u00e9geoise fa\u00e7on grand m\u00e8re<\/span><\/span><\/p>\n<p><span style=\"color: #ff950e;\"><span style=\"font-family: 'Helvetica Neue';\"><span style=\"text-decoration: underline;\">Choix de Desserts :<\/span><\/span><\/span><\/p>\n<p><span style=\"color: #ff950e;\"><span style=\"font-family: 'Helvetica Neue';\">1. Le vrai Caf\u00e9 Li\u00e9geois<br \/>2. Le croquant au chocolat maison<\/span><\/span><\/p>\n<p><span style=\"color: #ff950e;\"><span style=\"font-family: 'Helvetica Neue';\"><span style=\"text-decoration: underline;\">Nos Prix :<\/span><\/span><\/span><\/p>\n<p><strong><span style=\"color: #ef520f;\"><span style=\"font-family: 'Helvetica Neue';\">Formule 1<\/span><\/span><\/strong><span style=\"color: #ef520f;\"><span style=\"font-family: 'Helvetica Neue';\">\u00a0<\/span><\/span><span style=\"color: #ff950e;\"><span style=\"font-family: 'Helvetica Neue';\">: entr\u00e9e + plat + dessert : <\/span><\/span><span style=\"font-family: 'Helvetica Neue'; color: #ff0000;\">43<\/span><span style=\"color: #ef520f;\"><span style=\"font-family: 'Helvetica Neue';\">,00 \u20ac<\/span><\/span><\/p>\n<p><span style=\"color: #ff950e;\"><span style=\"font-family: 'Helvetica Neue';\">Avec le suppl\u00e9ment \u2018boissons comprises\u2019, c\u00e0d \u00bd bouteille de vin par\u00a0personne + 1\/4 bouteille d\u2019eau<\/span><\/span><\/p>\n<p><strong><span style=\"color: #ef520f;\"><span style=\"font-family: 'Helvetica Neue';\">Formule 1+<\/span><\/span><\/strong><span style=\"color: #ff950e;\"><span style=\"font-family: 'Helvetica Neue';\"> : 3 services + boissons : <span style=\"color: #ef520f;\">58<\/span><\/span><\/span><span style=\"color: #ef520f;\"><span style=\"font-family: 'Helvetica Neue';\">,00 \u20ac<\/span><\/span><\/p>\n<p><em><span style=\"color: #ff950e;\"><span style=\"font-family: 'Helvetica Neue';\">Le caf\u00e9 \u00e0 la fin du repas, en suppl\u00e9ment \u00e0 votre formule : <span style=\"color: #ff0000;\">3<\/span><\/span><\/span><\/em><em><span style=\"color: #ef520f;\"><span style=\"font-family: 'Helvetica Neue';\">,50 \u20ac<\/span><\/span><\/em><\/p>\n\n\n<p><\/p>\n","protected":false},"excerpt":{"rendered":"<p>PDF : \u00a0 MENU DU TERROIR Choix d\u2019entr\u00e9es : 1. Croquettes de crevettes grises de la mer du nord (maison)2. Carpaccio de boeuf blanc bleu belge Choix de Plats principaux : 1. Le blanc de volaille au sirop d\u2019aubel2. Les Boulets \u00e0 la Li\u00e9geoise fa\u00e7on grand m\u00e8re Choix de Desserts : 1. Le vrai Caf\u00e9\u2026<\/p>\n","protected":false},"author":1,"featured_media":0,"parent":0,"menu_order":0,"comment_status":"closed","ping_status":"closed","template":"","meta":[],"_links":{"self":[{"href":"http:\/\/www.maisondupeket.be\/amonnanesse\/wp-json\/wp\/v2\/pages\/11"}],"collection":[{"href":"http:\/\/www.maisondupeket.be\/amonnanesse\/wp-json\/wp\/v2\/pages"}],"about":[{"href":"http:\/\/www.maisondupeket.be\/amonnanesse\/wp-json\/wp\/v2\/types\/page"}],"author":[{"embeddable":true,"href":"http:\/\/www.maisondupeket.be\/amonnanesse\/wp-json\/wp\/v2\/users\/1"}],"replies":[{"embeddable":true,"href":"http:\/\/www.maisondupeket.be\/amonnanesse\/wp-json\/wp\/v2\/comments?post=11"}],"version-history":[{"count":29,"href":"http:\/\/www.maisondupeket.be\/amonnanesse\/wp-json\/wp\/v2\/pages\/11\/revisions"}],"predecessor-version":[{"id":2141,"href":"http:\/\/www.maisondupeket.be\/amonnanesse\/wp-json\/wp\/v2\/pages\/11\/revisions\/2141"}],"wp:attachment":[{"href":"http:\/\/www.maisondupeket.be\/amonnanesse\/wp-json\/wp\/v2\/media?parent=11"}],"curies":[{"name":"wp","href":"https:\/\/api.w.org\/{rel}","templated":true}]}}