{"id":15,"date":"2014-03-15T18:53:55","date_gmt":"2014-03-15T17:53:55","guid":{"rendered":"http:\/\/cluster013.ovh.net\/~maisonduwh\/site_resto\/?page_id=15"},"modified":"2020-02-10T20:57:37","modified_gmt":"2020-02-10T19:57:37","slug":"contact","status":"publish","type":"page","link":"http:\/\/www.maisondupeket.be\/amonnanesse\/contact\/","title":{"rendered":"Contact"},"content":{"rendered":"<p><span class=\"s2\"><span style=\"color: #e3752b;\"><strong>Informations :<\/strong><\/span><br>\nOuvert du jeudi au lundi de 12h \u00e0 14h et de 18h \u00e0 22h.<br>\nFerm\u00e9 le mardi et mercredi.<\/span><span class=\"s2\"><br>\nRue du Stalon, 1-3 4000 Li\u00e8ge<b>&nbsp;<\/b><\/span><span class=\"s2\">+32 4 250 67 83.<br>\n<a href=\"mailto:contact@maisondupeket.be\">contact@maisondupeket.be<\/a><br>\n<\/span><\/p>\n<p><strong><span style=\"color: #e3752b;\">Attention :<br>\n<\/span><\/strong>Veuillez utiliser uniquement ce formulaire pour des questions relatives \u00e0 notre restaurant. Exemple : Offre de prix&#8230;<br>\nAucune r\u00e9servation ne sera prise en compte par ce formulaire. Veuillez utiliser la rubrique <a href=\"http:\/\/www.maisondupeket.be\/amonnanesse\/reservation\/\">r\u00e9servation<\/a> pour faire celle-ci.<\/p>\n\n\n<div role=\"form\" class=\"wpcf7\" id=\"wpcf7-f1853-o1\" lang=\"fr-FR\" dir=\"ltr\">\n<div class=\"screen-reader-response\" role=\"alert\" aria-live=\"polite\"><\/div>\n<form action=\"\/amonnanesse\/wp-json\/wp\/v2\/pages\/15#wpcf7-f1853-o1\" method=\"post\" class=\"wpcf7-form init\" novalidate=\"novalidate\">\n<div style=\"display: none;\">\n<input type=\"hidden\" name=\"_wpcf7\" value=\"1853\" \/>\n<input type=\"hidden\" name=\"_wpcf7_version\" value=\"5.2.1\" \/>\n<input type=\"hidden\" name=\"_wpcf7_locale\" value=\"fr_FR\" \/>\n<input type=\"hidden\" name=\"_wpcf7_unit_tag\" value=\"wpcf7-f1853-o1\" \/>\n<input type=\"hidden\" name=\"_wpcf7_container_post\" value=\"0\" \/>\n<input type=\"hidden\" name=\"_wpcf7_posted_data_hash\" value=\"\" \/>\n<\/div>\n<p><label> Votre nom<br \/>\n    <span class=\"wpcf7-form-control-wrap your-name\"><input type=\"text\" name=\"your-name\" value=\"\" size=\"40\" class=\"wpcf7-form-control wpcf7-text wpcf7-validates-as-required\" aria-required=\"true\" aria-invalid=\"false\" \/><\/span> <\/label><\/p>\n<p><label> Votre adresse de messagerie<br \/>\n    <span class=\"wpcf7-form-control-wrap your-email\"><input type=\"email\" name=\"your-email\" value=\"\" size=\"40\" class=\"wpcf7-form-control wpcf7-text wpcf7-email wpcf7-validates-as-required wpcf7-validates-as-email\" aria-required=\"true\" aria-invalid=\"false\" \/><\/span> <\/label><\/p>\n<p><label> Objet<br \/>\n    <span class=\"wpcf7-form-control-wrap your-subject\"><input type=\"text\" name=\"your-subject\" value=\"\" size=\"40\" class=\"wpcf7-form-control wpcf7-text\" aria-invalid=\"false\" \/><\/span> <\/label><\/p>\n<p><label> Votre message<br \/>\n    <span class=\"wpcf7-form-control-wrap your-message\"><textarea name=\"your-message\" cols=\"40\" rows=\"10\" class=\"wpcf7-form-control wpcf7-textarea\" aria-invalid=\"false\"><\/textarea><\/span> <\/label><\/p>\n<p><input type=\"submit\" value=\"Envoyer\" class=\"wpcf7-form-control wpcf7-submit\" \/><\/p>\n<div class=\"wpcf7-response-output\" role=\"alert\" aria-hidden=\"true\"><\/div><\/form><\/div>\n","protected":false},"excerpt":{"rendered":"<p>Informations : Ouvert du jeudi au lundi de 12h \u00e0 14h et de 18h \u00e0 22h. Ferm\u00e9 le mardi et mercredi. Rue du Stalon, 1-3 4000 Li\u00e8ge&nbsp;+32 4 250 67 83. contact@maisondupeket.be Attention : Veuillez utiliser uniquement ce formulaire pour des questions relatives \u00e0 notre restaurant. Exemple : Offre de prix&#8230; Aucune r\u00e9servation ne sera\u2026<\/p>\n","protected":false},"author":1,"featured_media":0,"parent":0,"menu_order":0,"comment_status":"closed","ping_status":"closed","template":"","meta":[],"_links":{"self":[{"href":"http:\/\/www.maisondupeket.be\/amonnanesse\/wp-json\/wp\/v2\/pages\/15"}],"collection":[{"href":"http:\/\/www.maisondupeket.be\/amonnanesse\/wp-json\/wp\/v2\/pages"}],"about":[{"href":"http:\/\/www.maisondupeket.be\/amonnanesse\/wp-json\/wp\/v2\/types\/page"}],"author":[{"embeddable":true,"href":"http:\/\/www.maisondupeket.be\/amonnanesse\/wp-json\/wp\/v2\/users\/1"}],"replies":[{"embeddable":true,"href":"http:\/\/www.maisondupeket.be\/amonnanesse\/wp-json\/wp\/v2\/comments?post=15"}],"version-history":[{"count":42,"href":"http:\/\/www.maisondupeket.be\/amonnanesse\/wp-json\/wp\/v2\/pages\/15\/revisions"}],"predecessor-version":[{"id":1854,"href":"http:\/\/www.maisondupeket.be\/amonnanesse\/wp-json\/wp\/v2\/pages\/15\/revisions\/1854"}],"wp:attachment":[{"href":"http:\/\/www.maisondupeket.be\/amonnanesse\/wp-json\/wp\/v2\/media?parent=15"}],"curies":[{"name":"wp","href":"https:\/\/api.w.org\/{rel}","templated":true}]}}