{"id":7,"date":"2014-03-15T18:51:34","date_gmt":"2014-03-15T17:51:34","guid":{"rendered":"http:\/\/cluster013.ovh.net\/~maisonduwh\/site_resto\/?page_id=7"},"modified":"2026-01-13T09:05:45","modified_gmt":"2026-01-13T08:05:45","slug":"restaurantliege-la-carte","status":"publish","type":"page","link":"http:\/\/www.maisondupeket.be\/amonnanesse\/restaurantliege-la-carte\/","title":{"rendered":"La Carte"},"content":{"rendered":"<div id=\"post-513\">\n<p><span style=\"color: #faa157;\"><strong>PDF :<\/strong><\/span><\/p>\n<p><a href=\"http:\/\/www.maisondupeket.be\/amonnanesse\/wp-content\/uploads\/2026\/01\/Carte_Restaurant_NEDERLANDS-2026.pdf\" target=\"_blank\" rel=\"noopener noreferrer\"><img loading=\"lazy\" class=\"alignleft wp-image-1509\" src=\"http:\/\/www.maisondupeket.be\/amonnanesse\/wp-content\/uploads\/2014\/03\/nl-150x150.png\" alt=\"\" width=\"30\" height=\"29\" srcset=\"http:\/\/www.maisondupeket.be\/amonnanesse\/wp-content\/uploads\/2014\/03\/nl-150x150.png 150w, http:\/\/www.maisondupeket.be\/amonnanesse\/wp-content\/uploads\/2014\/03\/nl-300x300.png 300w, http:\/\/www.maisondupeket.be\/amonnanesse\/wp-content\/uploads\/2014\/03\/nl-100x100.png 100w\" sizes=\"(max-width: 30px) 100vw, 30px\" \/><\/a><\/p>\n<p style=\"text-align: left;\"><strong><span style=\"color: #ff950e;\"><span style=\"font-family: 'Helvetica Neue', Helvetica, Helvetica, Arial, sans-serif;\"><b><a href=\"http:\/\/www.maisondupeket.be\/amonnanesse\/wp-content\/uploads\/2026\/01\/Carte_Restaurant_EN_2026.pdf\" target=\"_blank\" rel=\"noopener noreferrer\"><img loading=\"lazy\" class=\"alignleft wp-image-1511\" src=\"http:\/\/www.maisondupeket.be\/amonnanesse\/wp-content\/uploads\/2014\/03\/united-kingdom-162452_640-copie-150x150.png\" alt=\"\" width=\"30\" height=\"29\" srcset=\"http:\/\/www.maisondupeket.be\/amonnanesse\/wp-content\/uploads\/2014\/03\/united-kingdom-162452_640-copie-150x150.png 150w, http:\/\/www.maisondupeket.be\/amonnanesse\/wp-content\/uploads\/2014\/03\/united-kingdom-162452_640-copie-300x300.png 300w, http:\/\/www.maisondupeket.be\/amonnanesse\/wp-content\/uploads\/2014\/03\/united-kingdom-162452_640-copie-100x100.png 100w\" sizes=\"(max-width: 30px) 100vw, 30px\" \/><\/a><\/b><\/span><\/span><\/strong><\/p>\n<p data-wp-editing=\"1\"><a href=\"http:\/\/www.maisondupeket.be\/amonnanesse\/wp-content\/uploads\/2026\/01\/Carte_Restaurant_FR_2026.pdf\" target=\"_blank\" rel=\"noopener noreferrer\"><img loading=\"lazy\" class=\"alignleft wp-image-1515\" src=\"http:\/\/www.maisondupeket.be\/amonnanesse\/wp-content\/uploads\/2014\/03\/flag-fr-copie-150x150.png\" alt=\"\" width=\"30\" height=\"30\" srcset=\"http:\/\/www.maisondupeket.be\/amonnanesse\/wp-content\/uploads\/2014\/03\/flag-fr-copie-150x150.png 150w, http:\/\/www.maisondupeket.be\/amonnanesse\/wp-content\/uploads\/2014\/03\/flag-fr-copie-100x100.png 100w\" sizes=\"(max-width: 30px) 100vw, 30px\" \/><\/a><a href=\"http:\/\/www.maisondupeket.be\/amonnanesse\/wp-content\/uploads\/2026\/01\/Carte_Restaurant_DE_2026.pdf\" target=\"_blank\" rel=\"noopener noreferrer\"><img loading=\"lazy\" class=\"alignleft wp-image-2045\" src=\"http:\/\/www.maisondupeket.be\/amonnanesse\/wp-content\/uploads\/2025\/01\/Flag_of_Germany_3-2-300x200.png\" alt=\"\" width=\"41\" height=\"27\" srcset=\"http:\/\/www.maisondupeket.be\/amonnanesse\/wp-content\/uploads\/2025\/01\/Flag_of_Germany_3-2-300x200.png 300w, http:\/\/www.maisondupeket.be\/amonnanesse\/wp-content\/uploads\/2025\/01\/Flag_of_Germany_3-2-1024x683.png 1024w, http:\/\/www.maisondupeket.be\/amonnanesse\/wp-content\/uploads\/2025\/01\/Flag_of_Germany_3-2-768x512.png 768w, http:\/\/www.maisondupeket.be\/amonnanesse\/wp-content\/uploads\/2025\/01\/Flag_of_Germany_3-2-200x133.png 200w, http:\/\/www.maisondupeket.be\/amonnanesse\/wp-content\/uploads\/2025\/01\/Flag_of_Germany_3-2-450x300.png 450w, http:\/\/www.maisondupeket.be\/amonnanesse\/wp-content\/uploads\/2025\/01\/Flag_of_Germany_3-2-400x270.png 400w, http:\/\/www.maisondupeket.be\/amonnanesse\/wp-content\/uploads\/2025\/01\/Flag_of_Germany_3-2-600x400.png 600w, http:\/\/www.maisondupeket.be\/amonnanesse\/wp-content\/uploads\/2025\/01\/Flag_of_Germany_3-2.png 1200w\" sizes=\"(max-width: 41px) 100vw, 41px\" \/><\/a><\/p>\n<\/div>\n<div id=\"post-513\">\n<p><strong><span style=\"color: #ff950e;\"><span style=\"font-family: 'Open Sans', Helvetica, Arial, sans-serif;\"><span style=\"text-decoration: underline;\"><b>ENTREES<br \/>\n<\/b><\/span><\/span><\/span><\/strong><span style=\"color: #ff950e;\"><span style=\"font-family: 'Open Sans', Helvetica, Arial, sans-serif;\"><br \/>\n<\/span><\/span><\/p>\n<p><span style=\"color: #ff950e;\"><span style=\"font-family: 'Open Sans', Helvetica, Arial, sans-serif;\">Soupe ou potage du jour <span style=\"color: #ff0000;\">7<\/span><\/span><\/span><span style=\"color: #ef520f;\"><span style=\"font-family: 'Open Sans', Helvetica, Arial, sans-serif;\"><span style=\"color: #ff0000;\">.50<\/span> \u20ac<\/span><\/span><span style=\"color: #ff950e;\"><span style=\"font-family: 'Open Sans', Helvetica, Arial, sans-serif;\"><br \/>\n<\/span><\/span><span style=\"color: #ff950e;\"><span style=\"font-family: 'Helvetica Neue', Helvetica, Helvetica, Arial, sans-serif;\">Toast Charlemagne (oignons, lardons, champignons)<\/span><\/span><span style=\"color: #ef520f;\"><span style=\"font-family: 'Helvetica Neue', Helvetica, Helvetica, Arial, sans-serif;\">\u00a0<span style=\"color: #ff0000;\">9.50<\/span> \u20ac<\/span><\/span><span style=\"color: #ff950e;\"><span style=\"font-family: 'Helvetica Neue', Helvetica, Helvetica, Arial, sans-serif;\"><br \/>\nTartine de Nanesse (fromage de Herve et sirop de Li\u00e8ge)<\/span><\/span><span style=\"color: #ef520f;\"><span style=\"font-family: 'Helvetica Neue', Helvetica, Helvetica, Arial, sans-serif;\">\u00a0<span style=\"color: #ff0000;\">9.50<\/span> \u20ac<\/span><\/span><\/p>\n<p><strong><span style=\"color: #ff950e;\"><span style=\"font-family: 'Open Sans', Helvetica, Arial, sans-serif;\"><span style=\"text-decoration: underline;\"><b>ENTREES<br \/>\n<\/b><\/span><\/span><\/span><\/strong><span style=\"font-family: 'Helvetica Neue', Helvetica, Helvetica, Arial, sans-serif;\"><br \/>\n<span style=\"color: #ff950e;\">Terrine de sanglier et sa garniture de saison <\/span><span style=\"color: #ff0000;\"><span style=\"caret-color: #ff0000;\">10<\/span><\/span><span style=\"color: #ef520f;\"><span style=\"color: #ff0000;\">.50<\/span> \u20ac\u00a0<\/span><br \/>\n<span style=\"color: #ff950e;\">Fris\u00e9e aux lardons des Coteaux <span style=\"color: #ff0000;\">10<\/span><\/span><span style=\"color: #ef520f;\"><span style=\"color: #ff0000;\">.50<\/span> \u20ac<\/span><br \/>\n<span style=\"color: #ff950e;\">Les Fondus ardennaises (Fromage de Herve et jambon d\u2019ardennes)\u00a0<\/span><span style=\"color: #ef520f;\"><span style=\"color: #ff0000;\">13.50<\/span> \u20ac<\/span><br \/>\n<span style=\"color: #ff950e;\">Les Fondus Parmesan maison<\/span><span style=\"color: #ef520f;\"><span style=\"color: #ff0000;\"> 13.50<\/span> \u20ac<\/span><br \/>\n<span style=\"color: #ff950e;\">Cassolette de scampis au coulis de crustac\u00e9s\u00a0<\/span><span style=\"color: #ef520f;\"><span style=\"color: #ff0000;\">19.50<\/span> \u20ac<\/span><br \/>\n<span style=\"color: #ff950e;\">Croquettes de crevettes grises de la mer du nord\u00a0<\/span><span style=\"color: #ef520f;\"><span style=\"color: #ff0000;\">19.50<\/span> \u20ac<\/span><br \/>\n<span style=\"color: #ff950e;\">Carpaccio de boeuf Blanc Bleu Belge\u00a0<\/span><span style=\"color: #ef520f;\"><span style=\"color: #ff0000;\">19.50<\/span> \u20ac<\/span><\/span><\/p>\n<p><span style=\"color: #ff950e;\"><span style=\"font-family: 'Helvetica Neue', Helvetica, Helvetica, Arial, sans-serif;\"><span style=\"text-decoration: underline;\"><b>PLATS<\/b><\/span><\/span><\/span><\/p>\n<p><span style=\"color: #ff950e;\"><span style=\"font-family: 'Helvetica Neue', Helvetica, Helvetica, Arial, sans-serif;\">LES CLASSIQUES<br \/>\nLes boulets \u00e0 la li\u00e9geoise\u00a0<span style=\"color: #ff0000;\">18.50<\/span><span style=\"color: #ef520f;\">\u00a0\u20ac<\/span><br \/>\nLe vol au vent maison<span style=\"color: #ef520f;\"><span style=\"color: #ff0000;\"> 18.50<\/span> \u20ac<\/span><br \/>\nLa salade li\u00e9geoise\u00a0<span style=\"color: #ff0000;\">18.50<\/span><span style=\"color: #ef520f;\">\u00a0\u20ac<\/span><br \/>\nLe blanc de volaille au sirop d\u2019Aubel\u00a0<span style=\"color: #ff0000;\">18.50<\/span><span style=\"color: #ef520f;\">\u00a0\u20ac<\/span><br \/>\nSuppl\u00e9ment salade mixte<span style=\"color: #ef520f;\"><span style=\"color: #ff0000;\"> 3.50<\/span> \u20ac<\/span><br \/>\nSuppl\u00e9ment de frite <span style=\"color: #ef520f;\"><span style=\"color: #ff0000;\">3.50<\/span> \u20ac<\/span><br \/>\nSuppl\u00e9ment de compote <span style=\"color: #ef520f;\"><span style=\"color: #ff0000;\">3.50<\/span> \u20ac<\/span><\/span><\/span><\/p>\n<p><span style=\"color: #ff950e;\"><span style=\"font-family: 'Helvetica Neue', Helvetica, Helvetica, Arial, sans-serif;\"><span style=\"text-decoration: underline;\"><b>LES POISSONS<\/b><\/span><\/span><\/span><\/p>\n<p><span style=\"color: #ff950e;\"><span style=\"font-family: 'Helvetica Neue', Helvetica, Helvetica, Arial, sans-serif;\">Le pav\u00e9 de saumon juste po\u00eal\u00e9 et son beurre compos\u00e9 <span style=\"color: #ef520f;\"><span style=\"color: #ff0000;\">25.50<\/span> \u20ac<\/span><br \/>\nLes Ptis Rouches de Nanesse (Filets de Rougets) <span style=\"color: #ef520f;\"><span style=\"color: #ff0000;\">25.50<\/span> \u20ac<\/span><\/span><\/span><\/p>\n<p><span style=\"color: #ff950e;\"><span style=\"font-family: 'Helvetica Neue', Helvetica, Helvetica, Arial, sans-serif;\"><span style=\"text-decoration: underline;\"><b>LES VIANDES<\/b><\/span><\/span><\/span><\/p>\n<p><span style=\"color: #ff950e;\"><span style=\"font-family: 'Helvetica Neue', Helvetica, Helvetica, Arial, sans-serif;\">Le jambonneau sauce moutarde <span style=\"color: #ff0000;\">27.50<\/span><span style=\"color: #ef520f;\">\u00a0\u20ac<\/span><br \/>\nLes filets de lapin \u2039\u2039 Amon Nanesse \u203a\u203a <span style=\"color: #ef520f;\"><span style=\"color: #ff0000;\">26.50<\/span> \u20ac<\/span><br \/>\nLes rognons de veau fa\u00e7on Nanesse<span style=\"color: #ef520f;\"><span style=\"color: #ff0000;\"> 26.50<\/span> \u20ac<\/span><br \/>\nLes Spare-ribs servi avec salade et frites <span style=\"color: #ef520f;\"><span style=\"color: #ff0000;\">27.50<\/span> \u20ac<\/span><br \/>\nLa pi\u00e8ce de b\u0153uf Angus irlandaise nature\u00a0<span style=\"color: #ef520f;\"><span style=\"color: #ff0000;\">29.00<\/span> \u20ac<\/span><br \/>\nLa pi\u00e8ce de b\u0153uf Angus irlandaise au parfum aubelois <span style=\"color: #ff0000;\">31<\/span><span style=\"color: #ef520f;\"><span style=\"color: #ff0000;\">.50<\/span> \u20ac<\/span><br \/>\nLa pi\u00e8ce de b\u0153uf Angus irlandaise au poivre vert flamb\u00e9e au peket <span style=\"color: #ff0000;\">31<\/span><span style=\"color: #ef520f;\"><span style=\"color: #ff0000;\">.50<\/span> \u20ac<\/span><br \/>\nLa pi\u00e8ce de b\u0153uf Angus Champignons cr\u00e8me <span style=\"color: #ff0000;\">31<\/span><span style=\"color: #ef520f;\"><span style=\"color: #ff0000;\">.50<\/span> \u20ac<\/span><br \/>\nLe magret de canard aux miel d\u2019acacias et vinaigre de framboise<span style=\"color: #ef520f;\">\u00a0<span style=\"color: #ff0000;\">31.50<\/span> \u20ac<\/span><br \/>\nLa c\u00f4te d\u2019agneau grill\u00e9e, croustade de pesto <span style=\"color: #ff0000;\">29<\/span><span style=\"color: #ef520f;\"><span style=\"color: #ff0000;\">.50<\/span> \u20ac<\/span><br \/>\n<\/span><\/span><\/p>\n<p><span style=\"color: #ff950e;\"><span style=\"font-family: 'Helvetica Neue';\"><span style=\"text-decoration: underline;\"><b>LES DESSERTS<\/b><\/span><\/span><\/span><\/p>\n<p><span style=\"color: #444444;\"><span style=\"font-family: 'Open Sans', Helvetica, Arial, sans-serif;\"><span style=\"color: #ff950e;\"><span style=\"font-family: 'Helvetica Neue';\">Le vrai caf\u00e9 li\u00e9geois<\/span><\/span><span style=\"color: #ef520f;\"><span style=\"font-family: 'Helvetica Neue';\">\u00a0<span style=\"color: #ff0000;\">7.50<\/span> \u20ac<\/span><\/span><span style=\"color: #ff950e;\"><span style=\"font-family: 'Helvetica Neue';\"><br \/>\nLa tarte aux pommes chaude et sa boule de glace vanille <\/span><\/span><span style=\"color: #ef520f;\"><span style=\"font-family: 'Helvetica Neue';\"><span style=\"color: #ff0000;\">8.50<\/span> \u20ac<\/span><\/span><span style=\"color: #ff950e;\"><span style=\"font-family: 'Helvetica Neue';\"><br \/>\nLe croquant au chocolat <\/span><\/span><span style=\"color: #ef520f;\"><span style=\"font-family: 'Helvetica Neue';\"><span style=\"color: #ff0000;\">8.50<\/span> \u20ac<\/span><\/span><span style=\"color: #ff950e;\"><span style=\"font-family: 'Helvetica Neue';\"><br \/>\nLa mousse au chocolat <span style=\"color: #ff0000;\">8<\/span><\/span><\/span><span style=\"color: #ef520f;\"><span style=\"font-family: 'Helvetica Neue';\"><span style=\"color: #ff0000;\">.50<\/span> \u20ac<\/span><\/span><span style=\"color: #ff950e;\"><span style=\"font-family: 'Helvetica Neue';\"><br \/>\nLa palette de sorbet\u00a0<\/span><\/span><span style=\"color: #ef520f;\"><span style=\"font-family: 'Helvetica Neue';\"><span style=\"color: #ff0000;\">8.50<\/span> \u20ac<\/span><\/span><span style=\"color: #ff950e;\"><span style=\"font-family: 'Helvetica Neue';\"><br \/>\nLa dame blanche <span style=\"color: #ef520f;\"><span style=\"color: #ff0000;\">8.50<\/span> \u20ac<\/span><\/span><\/span><span style=\"color: #ff950e;\"><span style=\"font-family: 'Helvetica Neue';\"><br \/>\nLa Br\u00e9silienne <span style=\"color: #ef520f;\"><span style=\"color: #ff0000;\">8.50<\/span> \u20ac<\/span><\/span><\/span><span style=\"color: #ff950e;\"><span style=\"font-family: 'Helvetica Neue';\"><br \/>\nLa coupe maison (Fraise + Peket fraise) <span style=\"color: #ff0000;\"><span style=\"font-family: 'Helvetica Neue', Helvetica, Helvetica, Arial, sans-serif;\">10<\/span><\/span><\/span><\/span><span style=\"color: #ef520f;\"><span style=\"font-family: 'Helvetica Neue';\"><span style=\"color: #ff0000;\">.50<\/span> \u20ac<\/span><\/span><span style=\"color: #ff950e;\"><span style=\"font-family: 'Helvetica Neue';\"><br \/>\nLe Tiramisu au speculoos <span style=\"color: #ff0000;\">7.50<\/span><span style=\"color: #ef520f;\">\u00a0\u20ac<\/span><\/span><\/span><span style=\"color: #ff950e;\"><span style=\"font-family: 'Helvetica Neue';\"><br \/>\nLe Mo\u00eblleux au chocolat et son sorbet <\/span><\/span><span style=\"color: #ef520f;\"><span style=\"font-family: 'Helvetica Neue';\"><span style=\"color: #ff0000;\">8.50<\/span> \u20ac<\/span><\/span><span style=\"color: #ff950e;\"><span style=\"font-family: 'Helvetica Neue';\"><br \/>\nLes Profit\u00e9rolles gla\u00e7\u00e9es au chocolat <\/span><\/span><span style=\"color: #ef520f;\"><span style=\"font-family: 'Helvetica Neue';\"><span style=\"color: #ff0000;\">8.50<\/span> \u20ac<\/span><\/span><\/span><\/span><\/p>\n<p><span style=\"color: #ff950e;\"><span style=\"font-family: 'Helvetica Neue', Helvetica, Helvetica, Arial, sans-serif;\"><span style=\"text-decoration: underline;\"><b>LES BOISSONS<\/b><\/span><\/span><\/span><\/p>\n<p><span style=\"color: #ff950e;\"><span style=\"font-family: 'Helvetica Neue', Helvetica, Helvetica, Arial, sans-serif;\">APERITIFS<br \/>\n&#8211; Peket fruit\u00e9 <span style=\"color: #444444;\"><span style=\"font-family: 'Open Sans', Helvetica, Arial, sans-serif;\"><span style=\"font-family: 'Helvetica Neue';\"><span style=\"color: #ef520f;\">5<\/span><\/span><\/span><\/span><span style=\"color: #ef520f;\">.00 \u20ac<\/span><br \/>\nCitron &#8211; Framboise &#8211; Coco &#8211; Passion &#8211; Fruits des bois \u2013 Gingembre<br \/>\n&#8211; Chemin du Peket (d\u00e9gustation des 6 go\u00fbts)\u00a0<span style=\"color: #ef520f;\">14.00 \u20ac<\/span><\/span><\/span><\/p>\n<p><span style=\"color: #ff950e;\"><span style=\"font-family: 'Helvetica Neue', Helvetica, Helvetica, Arial, sans-serif;\">&#8211; Classiques :<br \/>\nMartini blanc &#8211; rouge &#8211; ros\u00e9 <span style=\"color: #ef520f;\">6<\/span><span style=\"color: #ef520f;\">.50 \u20ac<\/span><br \/>\nPorto Rouge &#8211; Blanc <\/span><\/span><span style=\"font-family: 'Helvetica Neue', Helvetica, Helvetica, Arial, sans-serif; color: #ff0000;\">6.5<\/span><span style=\"font-family: 'Helvetica Neue', Helvetica, Helvetica, Arial, sans-serif;\"><span style=\"color: #ef520f;\">0 \u20ac<\/span><br \/>\n<span style=\"color: #ff950e;\">Pineau Charentes\u00a0<\/span><span style=\"color: #ef520f;\"> 6.50 \u20ac<\/span><br \/>\n<span style=\"color: #ff950e;\">Ricard <\/span><span style=\"color: #ff0000;\">6<\/span><span style=\"color: #ef520f;\">.50 \u20ac<\/span><br \/>\n<span style=\"color: #ff950e;\">Kir <\/span><span style=\"color: #ff0000;\">6<\/span><span style=\"color: #ef520f;\">.50 \u20ac<\/span><br \/>\n<span style=\"color: #ff950e;\">Campari Orange <\/span><span style=\"color: #ff0000;\">8<\/span><span style=\"color: #ef520f;\">.50 \u20ac<\/span><br \/>\n<span style=\"color: #ff950e;\">Picon vin blanc <\/span><span style=\"color: #ff0000;\">8<\/span><span style=\"color: #ef520f;\">.50 \u20ac<\/span><br \/>\n<span style=\"color: #ff950e;\">Pisang Orange <\/span><span style=\"color: #ff0000;\"><span style=\"caret-color: #ff0000;\">8<\/span><\/span><span style=\"color: #ff950e;\">.<span style=\"color: #ef520f;\">0<\/span><\/span><span style=\"color: #ef520f;\">0 \u20ac<br \/>\n<\/span><span style=\"color: #ff950e;\">Aperol Spritz <\/span><span style=\"color: #ff0000;\"><span style=\"caret-color: #ff0000;\">9<\/span><\/span><span style=\"color: #444444;\"><span style=\"font-family: 'Open Sans', Helvetica, Arial, sans-serif;\"><span style=\"color: #ef520f;\"><span style=\"font-family: 'Helvetica Neue';\">.50 \u20ac<\/span><\/span><\/span><\/span><br \/>\n<span style=\"color: #ff950e;\">Champagne Laurent Perrier 0,75L <\/span><span style=\"color: #ef520f;\">90.00 \u20ac<\/span><\/span><\/p>\n<p><span style=\"font-family: 'Helvetica Neue', Helvetica, Helvetica, Arial, sans-serif;\"><span style=\"color: #ff950e;\">VIN MAISON<\/span><br \/>\n<span style=\"color: #ff950e;\">Verre<\/span><span style=\"color: #ef520f;\"> 5.00 \u20ac<\/span><br \/>\n<span style=\"color: #ff950e;\">1\/4 litre <\/span><span style=\"color: #ff0000;\">10<\/span><span style=\"color: #ef520f;\"><span style=\"color: #ff0000;\">.00<\/span> \u20ac<\/span><br \/>\n<span style=\"color: #ff950e;\">1\/2 litre\u00a0<\/span><span style=\"color: #ef520f;\">18.50 \u20ac<br \/>\n<\/span><span style=\"color: #ff950e;\">1 litre <\/span><span style=\"color: #ff0000;\">35<\/span><span style=\"color: #ef520f;\">.00 \u20ac<\/span><br \/>\n<span style=\"color: #ff950e;\">SOFT <\/span><span style=\"color: #ff0000;\">4.00<\/span><span style=\"color: #ef520f;\">\u00a0\u20ac<\/span><br \/>\n<span style=\"color: #ff950e;\">Coca-cola &#8211; Coca-cola light &#8211; Fanta orange &#8211; Chaudfontaine plate<\/span><br \/>\n<span style=\"color: #ff950e;\">Chaudfontaine p\u00e9tillante &#8211; Chaudfontaine verte l\u00e9g\u00e8rement p\u00e9tillante<\/span><br \/>\n<span style=\"color: #ff950e;\">Nordic mist &#8211; Nordic mist agrume &#8211; Minute Maid Orange<\/span><br \/>\n<span style=\"color: #ff950e;\">Chaudfontaine plate \/ p\u00e9tillante \u00bd Litre <\/span><span style=\"color: #ff0000;\"><span style=\"caret-color: #ff0000;\">5<\/span><\/span><span style=\"color: #ef520f;\">.50 \u20ac<\/span><br \/>\n<span style=\"color: #ff950e;\">Chaudfontaine verte l\u00e9g\u00e8rement p\u00e9tillante <\/span><br \/>\n<span style=\"color: #ff950e;\">Chaudfontaine plate \/ p\u00e9tillante 1 Litre <span style=\"color: #444444;\"><span style=\"font-family: 'Open Sans', Helvetica, Arial, sans-serif;\"><span style=\"font-family: 'Helvetica Neue';\"><span style=\"color: #ef520f;\">10<\/span><\/span><\/span><\/span><\/span><span style=\"color: #ef520f;\">.00 \u20ac<\/span><\/span><\/p>\n<p><span style=\"color: #ff950e;\"><span style=\"font-family: 'Helvetica Neue', Helvetica, Helvetica, Arial, sans-serif;\"><b>PEKET NATURE<\/b><\/span><\/span><\/p>\n<p><span style=\"color: #ff950e;\"><span style=\"font-family: 'Helvetica Neue', Helvetica, Helvetica, Arial, sans-serif;\">Charlemagne <span style=\"color: #ef520f;\">4.50<\/span><span style=\"color: #ef520f;\">\u00a0\u20ac<\/span><br \/>\nVieux Syst\u00e8me <span style=\"color: #ff0000;\">4<\/span><span style=\"color: #ef520f;\">.50 \u20ac<\/span><br \/>\nCorenwijn <span style=\"color: #ff0000;\">5<\/span><span style=\"color: #ef520f;\">.50 \u20ac<\/span><\/span><\/span><\/p>\n<p><span style=\"color: #ff950e;\"><span style=\"font-family: 'Helvetica Neue', Helvetica, Helvetica, Arial, sans-serif;\"><b>PEKET FLAMBE<\/b><\/span><\/span><\/p>\n<p><span style=\"color: #ff950e;\"><span style=\"font-family: 'Helvetica Neue', Helvetica, Helvetica, Arial, sans-serif;\">Violette<span style=\"color: #ef520f;\">\u00a05.00 \u20ac<\/span><br \/>\nCannelle <span style=\"color: #ef520f;\">5<\/span><span style=\"color: #ef520f;\">.00<\/span><span style=\"color: #ef520f;\">\u00a0\u20ac<\/span><br \/>\nCuberdon <span style=\"color: #ef520f;\">5<\/span><span style=\"color: #ef520f;\">.00<\/span><span style=\"color: #ef520f;\">\u00a0\u20ac<\/span><br \/>\nL\u00e9gia <span style=\"color: #ef520f;\">5<\/span><span style=\"color: #ef520f;\">.00<\/span><span style=\"color: #ef520f;\">\u00a0\u20ac<\/span><br \/>\nHeidebitt <span style=\"color: #ef520f;\">5<\/span><span style=\"color: #ef520f;\">.00<\/span><span style=\"color: #ef520f;\">\u00a0\u20ac<\/span><br \/>\nFriesengeist <span style=\"color: #ff0000;\">5<\/span><span style=\"color: #ef520f;\">.50 \u20ac<\/span><\/span><\/span><\/p>\n<p><span style=\"color: #ff950e;\"><span style=\"font-family: 'Helvetica Neue', Helvetica, Helvetica, Arial, sans-serif;\"><b>BIERES<\/b><\/span><\/span><\/p>\n<p><span style=\"color: #ff950e;\"><span style=\"font-family: 'Helvetica Neue', Helvetica, Helvetica, Arial, sans-serif;\">Cristal <span style=\"color: #ff0000;\">3<\/span><span style=\"color: #ef520f;\">.50 \u20ac<\/span><br \/>\nBi\u00e8re Sans alcool <span style=\"color: #ff0000;\">3<\/span><span style=\"color: #ef520f;\">.50 \u20ac<\/span><br \/>\nCurtius 37.5CL\u00a0<span style=\"color: #ef520f;\">8.50 \u20ac<\/span><br \/>\nBlanche de Bruges <span style=\"color: #ef520f;\">4<\/span><span style=\"color: #ef520f;\">.00 \u20ac<\/span><br \/>\nAffligem <span style=\"color: #ef520f;\">4.50 \u20ac<\/span><br \/>\nMort Subite (Bi\u00e8re aux fruits rouges) <span style=\"color: #ff0000;\">4<\/span><span style=\"color: #ef520f;\">.50 \u20ac<br \/>\n<\/span><\/span><\/span><span style=\"color: #ff9900;\">Catherinette (Blanche de Bruges et peket framboise) <span style=\"color: #ff0000;\">6<\/span><span style=\"color: #ed5323;\">.50 \u20ac<br \/>\n<span style=\"color: #ff9900;\">Mont-Blanc (Blanche de Bruges et peket citron)<\/span> 6.50 \u20ac<\/span><\/span><\/p>\n<p><span style=\"color: #ff950e;\"><span style=\"font-family: 'Helvetica Neue', Helvetica, Helvetica, Arial, sans-serif;\"><b>ALCOOLS<\/b><\/span><\/span><\/p>\n<p><span style=\"color: #ff950e;\"><span style=\"font-family: 'Helvetica Neue', Helvetica, Helvetica, Arial, sans-serif;\">Amaretto <span style=\"color: #ef520f;\">7<\/span><span style=\"color: #ef520f;\">.50<\/span><span style=\"color: #ef520f;\">\u00a0\u20ac<\/span><br \/>\nWhisky <span style=\"color: #ef520f;\">7<\/span><span style=\"color: #ef520f;\">.50<\/span><span style=\"color: #ef520f;\">\u20ac<\/span><br \/>\nGin <span style=\"color: #ef520f;\">7<\/span><span style=\"color: #ef520f;\">.50<\/span><span style=\"color: #ef520f;\">\u00a0\u20ac<\/span><br \/>\nVodka <span style=\"color: #ef520f;\">7<\/span><span style=\"color: #ef520f;\">.50<\/span><span style=\"color: #ef520f;\">\u00a0\u20ac<\/span><br \/>\nCognac <span style=\"color: #ef520f;\">7<\/span><span style=\"color: #ef520f;\">.50 \u20ac<\/span><br \/>\nCalvados <span style=\"color: #ef520f;\">7<\/span><span style=\"color: #ef520f;\">.50 \u20ac<\/span><\/span><\/span><\/p>\n<p><span style=\"color: #ff950e;\"><span style=\"font-family: 'Helvetica Neue', Helvetica, Helvetica, Arial, sans-serif;\"><b>CAFE<\/b><\/span><\/span><\/p>\n<p><span style=\"color: #ff950e;\"><span style=\"font-family: 'Helvetica Neue', Helvetica, Helvetica, Arial, sans-serif;\">Expresso &#8211; Caf\u00e9 &#8211; D\u00e9caf\u00e9in\u00e9 &#8211; Th\u00e9<span style=\"color: #ef520f;\"> 3.50 \u20ac<\/span><\/span><\/span><\/p>\n<\/div>\n","protected":false},"excerpt":{"rendered":"<p>PDF : ENTREES Soupe ou potage du jour 7.50 \u20ac Toast Charlemagne (oignons, lardons, champignons)\u00a09.50 \u20ac Tartine de Nanesse (fromage de Herve et sirop de Li\u00e8ge)\u00a09.50 \u20ac ENTREES Terrine de sanglier et sa garniture de saison 10.50 \u20ac\u00a0 Fris\u00e9e aux lardons des Coteaux 10.50 \u20ac Les Fondus ardennaises (Fromage de Herve et jambon d\u2019ardennes)\u00a013.50 \u20ac\u2026<\/p>\n","protected":false},"author":1,"featured_media":0,"parent":0,"menu_order":0,"comment_status":"closed","ping_status":"closed","template":"","meta":[],"_links":{"self":[{"href":"http:\/\/www.maisondupeket.be\/amonnanesse\/wp-json\/wp\/v2\/pages\/7"}],"collection":[{"href":"http:\/\/www.maisondupeket.be\/amonnanesse\/wp-json\/wp\/v2\/pages"}],"about":[{"href":"http:\/\/www.maisondupeket.be\/amonnanesse\/wp-json\/wp\/v2\/types\/page"}],"author":[{"embeddable":true,"href":"http:\/\/www.maisondupeket.be\/amonnanesse\/wp-json\/wp\/v2\/users\/1"}],"replies":[{"embeddable":true,"href":"http:\/\/www.maisondupeket.be\/amonnanesse\/wp-json\/wp\/v2\/comments?post=7"}],"version-history":[{"count":65,"href":"http:\/\/www.maisondupeket.be\/amonnanesse\/wp-json\/wp\/v2\/pages\/7\/revisions"}],"predecessor-version":[{"id":2137,"href":"http:\/\/www.maisondupeket.be\/amonnanesse\/wp-json\/wp\/v2\/pages\/7\/revisions\/2137"}],"wp:attachment":[{"href":"http:\/\/www.maisondupeket.be\/amonnanesse\/wp-json\/wp\/v2\/media?parent=7"}],"curies":[{"name":"wp","href":"https:\/\/api.w.org\/{rel}","templated":true}]}}